{"id":98,"date":"2025-09-16T11:14:28","date_gmt":"2025-09-16T09:14:28","guid":{"rendered":"http:\/\/claireetconscience.com\/?page_id=98"},"modified":"2026-03-11T15:51:44","modified_gmt":"2026-03-11T14:51:44","slug":"la-reassurance","status":"publish","type":"page","link":"https:\/\/claireetconscience.com\/index.php\/la-reassurance\/","title":{"rendered":"L&rsquo;expression de Soi"},"content":{"rendered":"\n<p>L&rsquo;EXPRESSION CREATIVE EST THERAPEUTIQUE !<\/p>\n\n\n\n<p>Quel que soit la technique utilis\u00e9e, peinture, sculpture, modelage, \u00e9criture, dessin, collage-\u00e9criture, th\u00e9\u00e2tre, danse&#8230; ; quand vous vous exprimez, vous dites quelque chose de vous-m\u00eame et alors vous commencez \u00e0 cheminer vers une meilleure compr\u00e9hension de ce qui \u00e0 l&rsquo;int\u00e9rieur a besoin de changer et ce qui fait sens !<\/p>\n\n\n\n<p>C&rsquo;est lorsque vous \u00eates emp\u00each\u00e9 de cr\u00e9er, \u00e0 cause de la vie, des obligations, du manque de temps, ou bien parce que vous n&rsquo;avez jamais eu acc\u00e8s \u00e0 l&rsquo;expression de votre \u00eatre profond ; que vous r\u00e9alisez que vous ne vous \u00eates pas encore exprim\u00e9 tel que vous \u00eates.<\/p>\n\n\n\n<p>Dans les s\u00e9ances d&rsquo;art-th\u00e9rapie, vous cr\u00e9ez au travers de collages cr\u00e9atifs, d&rsquo;autoportraits, de dessin de la famille, d&rsquo;ateliers d&rsquo;\u00e9criture, d&rsquo;atelier de peinture ou de terre intuitive, chaque outil est adapt\u00e9 \u00e0 votre probl\u00e9matique. L&rsquo;art-th\u00e9rapie est un processus de prise de recul sur sa vie, de mise en lumi\u00e8res des difficult\u00e9s et d&rsquo;opportunit\u00e9s de les aborder progressivement. <\/p>\n\n\n\n<p>Par exemple : <\/p>\n\n\n\n<p>Vous \u00eates un peu perdu, vous avez envie de clarifier des espaces de votre vie (vos relations, votre travaille, vos projets&#8230;). En s\u00e9ance, de 2h30 \u00e0 3h, vous allez cr\u00e9er un Arbre de vie qui va repr\u00e9senter votre Projet de vie. <\/p>\n\n\n\n<p>Cet outil d&rsquo;art-th\u00e9rapie, vous permet de poser concr\u00e8tement les aspects de votre vie : dans les racines de cet arbre, vous repr\u00e9sentez vos possibilit\u00e9s en terme de ressources, c&rsquo;est \u00e0 dire, ce qui vous \u00e9quilibre dans votre vie (les loisirs, le repos, les ressources mat\u00e9rielles&#8230;). Dans l&rsquo;espace du tronc de votre arbre, vous allez r\u00e9fl\u00e9chir \u00e0 ce qui vous aiderait pour avancer vers plus de satisfaction, au travaille par exemple, demander une formation. Et dans les branches, vous aborderait toutes les projections dans l&rsquo;avenir que vous imaginez.<\/p>\n\n\n\n<p>Mon accompagnement d&rsquo;art-th\u00e9rapeute et l\u00e0 pour vous guider sur vos r\u00e9fl\u00e9xions, au fur et \u00e0 mesure, de votre  cr\u00e9ation. Des prises de conscience se font et vous pouvez r\u00e9ajuster, comprendre et imaginer de nouvelles solutions.     <\/p>\n\n\n\n<p>Pour moi la cr\u00e9ation avec un grand \u00ab\u00a0C\u00a0\u00bb, c&rsquo;est \u00eatre soi, dans l&rsquo;\u00e9quilibre et l&rsquo;harmonie dans nos vie. <\/p>\n\n\n\n<p>Nicole Weil disait, que modeler la terre, c&rsquo;est comme travailler \u00ab\u00a0la p\u00e2te int\u00e9rieure de son \u00e2me\u00a0\u00bb.<\/p>\n\n\n\n<p>Un enfant cr\u00e9e naturellement avec des pierres, des bouts de bois, du papier. C&rsquo;est une activit\u00e9 naturelle et b\u00e9n\u00e9fique chez l&rsquo;enfant. Alors pourquoi \u00e9teindre en nous ce don !<\/p>\n\n\n\n<p>En distanciel, par zoom, je vous guide de la m\u00eame fa\u00e7on. Vous aurez besoin de vous procurer un peu de mat\u00e9riel. Au minimum une boite de crayons de couleur, de feutres et des feuilles assez grandes de type A3 ou A2 en fonction du sujet abord\u00e9, ainsi que quelques feuilles A4.<\/p>\n\n\n\n<p>Vous pouvez aussi acheter un peu d&rsquo;argile autodurcissante ou de la peinture acrylique.  <\/p>\n\n\n\n<figure class=\"wp-block-gallery has-nested-images columns-default is-cropped wp-block-gallery-1 is-layout-flex wp-block-gallery-is-layout-flex\">\n<figure class=\"wp-block-image size-large\"><img loading=\"lazy\" decoding=\"async\" width=\"768\" height=\"1024\" data-id=\"415\" src=\"https:\/\/claireetconscience.com\/wp-content\/uploads\/2026\/03\/20190804_203933-768x1024.jpg\" alt=\"\" class=\"wp-image-415\" srcset=\"https:\/\/claireetconscience.com\/wp-content\/uploads\/2026\/03\/20190804_203933-768x1024.jpg 768w, https:\/\/claireetconscience.com\/wp-content\/uploads\/2026\/03\/20190804_203933-225x300.jpg 225w, https:\/\/claireetconscience.com\/wp-content\/uploads\/2026\/03\/20190804_203933-1152x1536.jpg 1152w, https:\/\/claireetconscience.com\/wp-content\/uploads\/2026\/03\/20190804_203933-1536x2048.jpg 1536w, https:\/\/claireetconscience.com\/wp-content\/uploads\/2026\/03\/20190804_203933-scaled.jpg 1920w\" sizes=\"auto, (max-width: 768px) 100vw, 768px\" \/><\/figure>\n\n\n\n<figure class=\"wp-block-image size-large\"><img loading=\"lazy\" decoding=\"async\" width=\"768\" height=\"1024\" data-id=\"69\" src=\"https:\/\/claireetconscience.com\/wp-content\/uploads\/2025\/09\/Les-Bulles-le-6-08-2024-768x1024.jpg\" alt=\"\" class=\"wp-image-69\" srcset=\"https:\/\/claireetconscience.com\/wp-content\/uploads\/2025\/09\/Les-Bulles-le-6-08-2024-768x1024.jpg 768w, https:\/\/claireetconscience.com\/wp-content\/uploads\/2025\/09\/Les-Bulles-le-6-08-2024-225x300.jpg 225w, https:\/\/claireetconscience.com\/wp-content\/uploads\/2025\/09\/Les-Bulles-le-6-08-2024-1152x1536.jpg 1152w, https:\/\/claireetconscience.com\/wp-content\/uploads\/2025\/09\/Les-Bulles-le-6-08-2024.jpg 1200w\" sizes=\"auto, (max-width: 768px) 100vw, 768px\" \/><\/figure>\n\n\n\n<figure class=\"wp-block-image size-large\"><img loading=\"lazy\" decoding=\"async\" width=\"876\" height=\"1024\" data-id=\"417\" src=\"https:\/\/claireetconscience.com\/wp-content\/uploads\/2026\/03\/20210622_225149-876x1024.jpg\" alt=\"\" class=\"wp-image-417\" srcset=\"https:\/\/claireetconscience.com\/wp-content\/uploads\/2026\/03\/20210622_225149-876x1024.jpg 876w, https:\/\/claireetconscience.com\/wp-content\/uploads\/2026\/03\/20210622_225149-257x300.jpg 257w, https:\/\/claireetconscience.com\/wp-content\/uploads\/2026\/03\/20210622_225149-768x897.jpg 768w, https:\/\/claireetconscience.com\/wp-content\/uploads\/2026\/03\/20210622_225149-1315x1536.jpg 1315w, https:\/\/claireetconscience.com\/wp-content\/uploads\/2026\/03\/20210622_225149-1753x2048.jpg 1753w, https:\/\/claireetconscience.com\/wp-content\/uploads\/2026\/03\/20210622_225149.jpg 2025w\" sizes=\"auto, (max-width: 876px) 100vw, 876px\" \/><\/figure>\n\n\n\n<figure class=\"wp-block-image size-large\"><img loading=\"lazy\" decoding=\"async\" width=\"950\" height=\"1024\" data-id=\"418\" src=\"https:\/\/claireetconscience.com\/wp-content\/uploads\/2026\/03\/20220312_170012-950x1024.jpg\" alt=\"\" class=\"wp-image-418\" srcset=\"https:\/\/claireetconscience.com\/wp-content\/uploads\/2026\/03\/20220312_170012-950x1024.jpg 950w, https:\/\/claireetconscience.com\/wp-content\/uploads\/2026\/03\/20220312_170012-278x300.jpg 278w, https:\/\/claireetconscience.com\/wp-content\/uploads\/2026\/03\/20220312_170012-768x828.jpg 768w, https:\/\/claireetconscience.com\/wp-content\/uploads\/2026\/03\/20220312_170012-1425x1536.jpg 1425w, https:\/\/claireetconscience.com\/wp-content\/uploads\/2026\/03\/20220312_170012-1900x2048.jpg 1900w\" sizes=\"auto, (max-width: 950px) 100vw, 950px\" \/><\/figure>\n\n\n\n<figure class=\"wp-block-image size-large\"><img loading=\"lazy\" decoding=\"async\" width=\"1024\" height=\"903\" data-id=\"420\" src=\"https:\/\/claireetconscience.com\/wp-content\/uploads\/2026\/03\/2014-04-17-09.34.41-copie-1024x903.jpg\" alt=\"\" class=\"wp-image-420\" srcset=\"https:\/\/claireetconscience.com\/wp-content\/uploads\/2026\/03\/2014-04-17-09.34.41-copie-1024x903.jpg 1024w, https:\/\/claireetconscience.com\/wp-content\/uploads\/2026\/03\/2014-04-17-09.34.41-copie-300x265.jpg 300w, https:\/\/claireetconscience.com\/wp-content\/uploads\/2026\/03\/2014-04-17-09.34.41-copie-768x677.jpg 768w, https:\/\/claireetconscience.com\/wp-content\/uploads\/2026\/03\/2014-04-17-09.34.41-copie-1536x1355.jpg 1536w, https:\/\/claireetconscience.com\/wp-content\/uploads\/2026\/03\/2014-04-17-09.34.41-copie-2048x1807.jpg 2048w\" sizes=\"auto, (max-width: 1024px) 100vw, 1024px\" \/><\/figure>\n\n\n\n<figure class=\"wp-block-image size-large\"><img decoding=\"async\" data-id=\"422\" src=\"https:\/\/claireetconscience.com\/wp-content\/uploads\/2026\/03\/Idefhi-2-1024x768.jpg\" alt=\"\" class=\"wp-image-422\"\/><\/figure>\n\n\n\n<figure class=\"wp-block-image size-large\"><img loading=\"lazy\" decoding=\"async\" width=\"1024\" height=\"675\" data-id=\"423\" src=\"https:\/\/claireetconscience.com\/wp-content\/uploads\/2026\/03\/Manadal-st-leger-1024x675.jpg\" alt=\"\" class=\"wp-image-423\" srcset=\"https:\/\/claireetconscience.com\/wp-content\/uploads\/2026\/03\/Manadal-st-leger-1024x675.jpg 1024w, https:\/\/claireetconscience.com\/wp-content\/uploads\/2026\/03\/Manadal-st-leger-300x198.jpg 300w, https:\/\/claireetconscience.com\/wp-content\/uploads\/2026\/03\/Manadal-st-leger-768x506.jpg 768w, https:\/\/claireetconscience.com\/wp-content\/uploads\/2026\/03\/Manadal-st-leger-1536x1013.jpg 1536w, https:\/\/claireetconscience.com\/wp-content\/uploads\/2026\/03\/Manadal-st-leger-2048x1350.jpg 2048w\" sizes=\"auto, (max-width: 1024px) 100vw, 1024px\" \/><\/figure>\n\n\n\n<figure class=\"wp-block-image size-large\"><img loading=\"lazy\" decoding=\"async\" width=\"768\" height=\"1024\" data-id=\"421\" src=\"https:\/\/claireetconscience.com\/wp-content\/uploads\/2026\/03\/2014-04-24-09.17.53-768x1024.jpg\" alt=\"\" class=\"wp-image-421\" srcset=\"https:\/\/claireetconscience.com\/wp-content\/uploads\/2026\/03\/2014-04-24-09.17.53-768x1024.jpg 768w, https:\/\/claireetconscience.com\/wp-content\/uploads\/2026\/03\/2014-04-24-09.17.53-225x300.jpg 225w, https:\/\/claireetconscience.com\/wp-content\/uploads\/2026\/03\/2014-04-24-09.17.53-1152x1536.jpg 1152w, https:\/\/claireetconscience.com\/wp-content\/uploads\/2026\/03\/2014-04-24-09.17.53-1536x2048.jpg 1536w, https:\/\/claireetconscience.com\/wp-content\/uploads\/2026\/03\/2014-04-24-09.17.53.jpg 1920w\" sizes=\"auto, (max-width: 768px) 100vw, 768px\" \/><\/figure>\n\n\n\n<figure class=\"wp-block-image size-large\"><img loading=\"lazy\" decoding=\"async\" width=\"703\" height=\"1024\" data-id=\"424\" src=\"https:\/\/claireetconscience.com\/wp-content\/uploads\/2026\/03\/Arbre-de-vie-1-703x1024.jpg\" alt=\"\" class=\"wp-image-424\" srcset=\"https:\/\/claireetconscience.com\/wp-content\/uploads\/2026\/03\/Arbre-de-vie-1-703x1024.jpg 703w, https:\/\/claireetconscience.com\/wp-content\/uploads\/2026\/03\/Arbre-de-vie-1-206x300.jpg 206w, https:\/\/claireetconscience.com\/wp-content\/uploads\/2026\/03\/Arbre-de-vie-1-768x1119.jpg 768w, https:\/\/claireetconscience.com\/wp-content\/uploads\/2026\/03\/Arbre-de-vie-1-1054x1536.jpg 1054w, https:\/\/claireetconscience.com\/wp-content\/uploads\/2026\/03\/Arbre-de-vie-1-1405x2048.jpg 1405w, https:\/\/claireetconscience.com\/wp-content\/uploads\/2026\/03\/Arbre-de-vie-1-scaled.jpg 1757w\" sizes=\"auto, (max-width: 703px) 100vw, 703px\" \/><\/figure>\n\n\n\n<figure class=\"wp-block-image size-large\"><img loading=\"lazy\" decoding=\"async\" width=\"768\" height=\"1024\" data-id=\"214\" src=\"https:\/\/claireetconscience.com\/wp-content\/uploads\/2025\/10\/Shooting-les-lumieEres-du-csur--768x1024.jpeg\" alt=\"\" class=\"wp-image-214\" srcset=\"https:\/\/claireetconscience.com\/wp-content\/uploads\/2025\/10\/Shooting-les-lumieEres-du-csur--768x1024.jpeg 768w, https:\/\/claireetconscience.com\/wp-content\/uploads\/2025\/10\/Shooting-les-lumieEres-du-csur--225x300.jpeg 225w, https:\/\/claireetconscience.com\/wp-content\/uploads\/2025\/10\/Shooting-les-lumieEres-du-csur--1152x1536.jpeg 1152w, https:\/\/claireetconscience.com\/wp-content\/uploads\/2025\/10\/Shooting-les-lumieEres-du-csur--1536x2048.jpeg 1536w, https:\/\/claireetconscience.com\/wp-content\/uploads\/2025\/10\/Shooting-les-lumieEres-du-csur-.jpeg 1774w\" sizes=\"auto, (max-width: 768px) 100vw, 768px\" \/><\/figure>\n<\/figure>\n","protected":false},"excerpt":{"rendered":"<p>L&rsquo;EXPRESSION CREATIVE EST THERAPEUTIQUE ! Quel que soit la technique utilis\u00e9e, peinture, sculpture, modelage, \u00e9criture, dessin, collage-\u00e9criture, th\u00e9\u00e2tre, danse&#8230; ; quand vous vous exprimez, vous dites quelque chose de vous-m\u00eame et alors vous commencez \u00e0 cheminer vers une meilleure compr\u00e9hension de ce qui \u00e0 l&rsquo;int\u00e9rieur a besoin de changer et ce qui fait sens ! [&hellip;]<\/p>\n","protected":false},"author":2,"featured_media":0,"parent":0,"menu_order":0,"comment_status":"closed","ping_status":"closed","template":"","meta":{"footnotes":""},"class_list":["post-98","page","type-page","status-publish","hentry"],"_links":{"self":[{"href":"https:\/\/claireetconscience.com\/index.php\/wp-json\/wp\/v2\/pages\/98","targetHints":{"allow":["GET"]}}],"collection":[{"href":"https:\/\/claireetconscience.com\/index.php\/wp-json\/wp\/v2\/pages"}],"about":[{"href":"https:\/\/claireetconscience.com\/index.php\/wp-json\/wp\/v2\/types\/page"}],"author":[{"embeddable":true,"href":"https:\/\/claireetconscience.com\/index.php\/wp-json\/wp\/v2\/users\/2"}],"replies":[{"embeddable":true,"href":"https:\/\/claireetconscience.com\/index.php\/wp-json\/wp\/v2\/comments?post=98"}],"version-history":[{"count":15,"href":"https:\/\/claireetconscience.com\/index.php\/wp-json\/wp\/v2\/pages\/98\/revisions"}],"predecessor-version":[{"id":473,"href":"https:\/\/claireetconscience.com\/index.php\/wp-json\/wp\/v2\/pages\/98\/revisions\/473"}],"wp:attachment":[{"href":"https:\/\/claireetconscience.com\/index.php\/wp-json\/wp\/v2\/media?parent=98"}],"curies":[{"name":"wp","href":"https:\/\/api.w.org\/{rel}","templated":true}]}}